{"id":20,"date":"2023-04-26T09:21:21","date_gmt":"2023-04-26T09:21:21","guid":{"rendered":"https:\/\/www.taxi-zvonar.hr\/?page_id=20"},"modified":"2023-04-26T09:57:05","modified_gmt":"2023-04-26T09:57:05","slug":"naslovnica","status":"publish","type":"page","link":"https:\/\/taxi-zvonar.hr\/","title":{"rendered":"Naslovnica"},"content":{"rendered":"\t\t<div data-elementor-type=\"wp-page\" data-elementor-id=\"20\" class=\"elementor elementor-20\" data-elementor-post-type=\"page\">\n\t\t\t\t\t\t<section class=\"elementor-section elementor-top-section elementor-element elementor-element-010eb6a elementor-section-full_width elementor-section-height-default elementor-section-height-default\" data-id=\"010eb6a\" data-element_type=\"section\">\n\t\t\t\t\t\t<div class=\"elementor-container elementor-column-gap-default\">\n\t\t\t\t\t<div class=\"elementor-column elementor-col-100 elementor-top-column elementor-element elementor-element-06619c5\" data-id=\"06619c5\" data-element_type=\"column\">\n\t\t\t<div class=\"elementor-widget-wrap elementor-element-populated\">\n\t\t\t\t\t\t<div class=\"elementor-element elementor-element-31d72b3 elementor-widget elementor-widget-slider_revolution\" data-id=\"31d72b3\" data-element_type=\"widget\" data-widget_type=\"slider_revolution.default\">\n\t\t\t\t<div class=\"elementor-widget-container\">\n\t\t\t\n\t\t<div class=\"wp-block-themepunch-revslider\">\n\t\t\t<!-- START Slider 1 REVOLUTION SLIDER 6.6.20 --><p class=\"rs-p-wp-fix\"><\/p>\n\t\t\t<rs-module-wrap id=\"rev_slider_1_1_wrapper\" data-source=\"gallery\" style=\"visibility:hidden;background:transparent;padding:0;margin:0px auto;margin-top:0;margin-bottom:0;\">\n\t\t\t\t<rs-module id=\"rev_slider_1_1\" style=\"\" data-version=\"6.6.20\">\n\t\t\t\t\t<rs-slides style=\"overflow: hidden; position: absolute;\">\n\t\t\t\t\t\t<rs-slide style=\"position: absolute;\" data-key=\"rs-1\" data-title=\"Slide\" data-in=\"o:0;\" data-out=\"a:false;\">\n\t\t\t\t\t\t\t<img fetchpriority=\"high\" decoding=\"async\" src=\"\/\/taxi-zvonar.hr\/wp-content\/plugins\/revslider6620n\/public\/assets\/assets\/dummy.png\" alt=\"Slide\" title=\"37d8aa95-145e-4bc3-b185-fc154768b27c\" width=\"1536\" height=\"533\" class=\"rev-slidebg tp-rs-img rs-lazyload\" data-lazyload=\"\/\/taxi-zvonar.hr\/wp-content\/plugins\/revslider6620n\/public\/assets\/assets\/transparent.png\" data-bg=\"p:0% 0%;f:auto;\" data-no-retina>\n<!--\n\t\t\t\t\t\t\t--><rs-layer\n\t\t\t\t\t\t\t\tid=\"slider-1-slide-1-layer-0\" \n\t\t\t\t\t\t\t\tdata-type=\"image\"\n\t\t\t\t\t\t\t\tdata-rsp_ch=\"on\"\n\t\t\t\t\t\t\t\tdata-xy=\"xo:-1px,-1px,-1px,-422px;yo:-2px,-2px,-2px,-6px;\"\n\t\t\t\t\t\t\t\tdata-text=\"w:normal;s:20,20,20,4;l:0,0,0,6;\"\n\t\t\t\t\t\t\t\tdata-dim=\"w:1924px,1924px,1924px,1410px;h:667px,667px,667px,489px;\"\n\t\t\t\t\t\t\t\tdata-frame_999=\"o:0;st:w;sR:8700;\"\n\t\t\t\t\t\t\t\tstyle=\"z-index:6;\"\n\t\t\t\t\t\t\t><img decoding=\"async\" src=\"\/\/taxi-zvonar.hr\/wp-content\/plugins\/revslider6620n\/public\/assets\/assets\/dummy.png\" alt=\"\" class=\"tp-rs-img rs-lazyload\" width=\"1600\" height=\"555\" data-lazyload=\"\/\/taxi-zvonar.hr\/wp-content\/uploads\/2023\/04\/37d8aa95-145e-4bc3-b185-fc154768b27c.jpg\" data-no-retina> \n\t\t\t\t\t\t\t<\/rs-layer><!--\n\n\t\t\t\t\t\t\t--><rs-layer\n\t\t\t\t\t\t\t\tid=\"slider-1-slide-1-layer-1\" \n\t\t\t\t\t\t\t\tdata-type=\"shape\"\n\t\t\t\t\t\t\t\tdata-rsp_ch=\"on\"\n\t\t\t\t\t\t\t\tdata-xy=\"x:c;yo:10px,10px,10px,1px;\"\n\t\t\t\t\t\t\t\tdata-text=\"w:normal;s:20,20,20,4;l:0,0,0,6;\"\n\t\t\t\t\t\t\t\tdata-dim=\"w:572px,572px,572px,462px;h:83px,83px,83px,65px;\"\n\t\t\t\t\t\t\t\tdata-frame_0=\"x:0,0,0,0px;y:0,0,0,0px;\"\n\t\t\t\t\t\t\t\tdata-frame_1=\"x:0,0,0,0px;y:0,0,0,0px;\"\n\t\t\t\t\t\t\t\tdata-frame_999=\"o:0;st:w;sR:8700;\"\n\t\t\t\t\t\t\t\tstyle=\"z-index:7;background-color:rgba(0,0,0,0.5);\"\n\t\t\t\t\t\t\t> \n\t\t\t\t\t\t\t<\/rs-layer><!--\n\n\t\t\t\t\t\t\t--><rs-layer\n\t\t\t\t\t\t\t\tid=\"slider-1-slide-1-layer-2\" \n\t\t\t\t\t\t\t\tdata-type=\"text\"\n\t\t\t\t\t\t\t\tdata-color=\"#fff\"\n\t\t\t\t\t\t\t\tdata-rsp_ch=\"on\"\n\t\t\t\t\t\t\t\tdata-xy=\"x:c;xo:0,0,0,4px;yo:22px,22px,22px,7px;\"\n\t\t\t\t\t\t\t\tdata-text=\"w:normal;s:40,40,40,43;l:50,50,50,53;fw:900;a:center;\"\n\t\t\t\t\t\t\t\tdata-dim=\"minh:0px,0px,0px,none;\"\n\t\t\t\t\t\t\t\tdata-frame_0=\"x:0,0,0,0px;y:0,0,0,0px;\"\n\t\t\t\t\t\t\t\tdata-frame_1=\"x:0,0,0,0px;y:0,0,0,0px;\"\n\t\t\t\t\t\t\t\tdata-frame_999=\"o:0;st:4470;sR:4170;\"\n\t\t\t\t\t\t\t\tstyle=\"z-index:9;font-family:'Roboto';text-transform:uppercase;\"\n\t\t\t\t\t\t\t>099 333 45 45  \n\t\t\t\t\t\t\t<\/rs-layer><!--\n\n\t\t\t\t\t\t\t--><rs-layer\n\t\t\t\t\t\t\t\tid=\"slider-1-slide-1-layer-3\" \n\t\t\t\t\t\t\t\tdata-type=\"text\"\n\t\t\t\t\t\t\t\tdata-color=\"#fff\"\n\t\t\t\t\t\t\t\tdata-rsp_ch=\"on\"\n\t\t\t\t\t\t\t\tdata-xy=\"x:c;yo:22px,22px,22px,4px;\"\n\t\t\t\t\t\t\t\tdata-text=\"w:normal;s:40,40,40,45;l:50,50,50,55;fw:900;a:center;\"\n\t\t\t\t\t\t\t\tdata-dim=\"minh:0px,0px,0px,none;\"\n\t\t\t\t\t\t\t\tdata-frame_0=\"x:0,0,0,0px;y:0,0,0,0px;\"\n\t\t\t\t\t\t\t\tdata-frame_1=\"x:0,0,0,0px;y:0,0,0,0px;st:4790;sR:4790;\"\n\t\t\t\t\t\t\t\tdata-frame_999=\"o:0;st:w;sR:3910;\"\n\t\t\t\t\t\t\t\tstyle=\"z-index:8;font-family:'Roboto';text-transform:uppercase;\"\n\t\t\t\t\t\t\t>099 222 67 20 \n\t\t\t\t\t\t\t<\/rs-layer><!--\n-->\t\t\t\t\t\t<\/rs-slide>\n\t\t\t\t\t<\/rs-slides>\n\t\t\t\t<\/rs-module>\n\t\t\t\t<script>\n\t\t\t\t\tsetREVStartSize({c: 'rev_slider_1_1',rl:[1240,1240,1240,480],el:[600,600,600,450],gw:[1920,1920,1920,480],gh:[600,600,600,450],type:'standard',justify:'',layout:'fullwidth',mh:\"0\"});if (window.RS_MODULES!==undefined && window.RS_MODULES.modules!==undefined && window.RS_MODULES.modules[\"revslider11\"]!==undefined) {window.RS_MODULES.modules[\"revslider11\"].once = false;window.revapi1 = undefined;if (window.RS_MODULES.checkMinimal!==undefined) window.RS_MODULES.checkMinimal()}\n\t\t\t\t<\/script>\n\t\t\t<\/rs-module-wrap>\n\t\t\t<!-- END REVOLUTION SLIDER -->\n<\/div>\n\n\t\t\t\t<\/div>\n\t\t\t\t<\/div>\n\t\t\t\t\t<\/div>\n\t\t<\/div>\n\t\t\t\t\t<\/div>\n\t\t<\/section>\n\t\t\t\t<section class=\"elementor-section elementor-top-section elementor-element elementor-element-f65f142 elementor-section-boxed elementor-section-height-default elementor-section-height-default\" data-id=\"f65f142\" data-element_type=\"section\">\n\t\t\t\t\t\t<div class=\"elementor-container elementor-column-gap-default\">\n\t\t\t\t\t<div class=\"elementor-column elementor-col-50 elementor-top-column elementor-element elementor-element-9ccbe01\" data-id=\"9ccbe01\" data-element_type=\"column\">\n\t\t\t<div class=\"elementor-widget-wrap elementor-element-populated\">\n\t\t\t\t\t\t<div class=\"elementor-element elementor-element-89f2522 elementor-widget elementor-widget-text-editor\" data-id=\"89f2522\" data-element_type=\"widget\" data-widget_type=\"text-editor.default\">\n\t\t\t\t<div class=\"elementor-widget-container\">\n\t\t\t\t\t\t\t<p><span style=\"color: #000000;\">TREBATE<\/span> <span style=\"color: #ff6600;\">TAXI PRIJEVOZ?<\/span><\/p>\t\t\t\t\t\t<\/div>\n\t\t\t\t<\/div>\n\t\t\t\t<div class=\"elementor-element elementor-element-4ea7cbe elementor-widget elementor-widget-text-editor\" data-id=\"4ea7cbe\" data-element_type=\"widget\" data-widget_type=\"text-editor.default\">\n\t\t\t\t<div class=\"elementor-widget-container\">\n\t\t\t\t\t\t\t<p><strong>\u00a0 \u00a0 \u00a0\u201cTAXI ZVONAR\u201d<\/strong> obrt za autotaksi prijevoz je najsigurniji, najto\u010dniji i najbr\u017ei odabir na svakome Va\u0161em putu\u2026\u00a0<br \/>\u00a0 \u00a0 \u00a0Pozivamo Vas da se uvjerite sami sa punim povjerenjem u na\u0161 tim!\u00a0<br \/>TAXI to\u010dno i sigurno na svim lokacijama po pristupa\u010dnim cijenama.<\/p>\t\t\t\t\t\t<\/div>\n\t\t\t\t<\/div>\n\t\t\t\t\t<\/div>\n\t\t<\/div>\n\t\t\t\t<div class=\"elementor-column elementor-col-50 elementor-top-column elementor-element elementor-element-746222d\" data-id=\"746222d\" data-element_type=\"column\">\n\t\t\t<div class=\"elementor-widget-wrap elementor-element-populated\">\n\t\t\t\t\t\t<div class=\"elementor-element elementor-element-4264a0f elementor-widget elementor-widget-image\" data-id=\"4264a0f\" data-element_type=\"widget\" data-widget_type=\"image.default\">\n\t\t\t\t<div class=\"elementor-widget-container\">\n\t\t\t\t\t\t\t\t\t\t\t\t\t<img decoding=\"async\" width=\"340\" height=\"270\" src=\"https:\/\/taxi-zvonar.hr\/wp-content\/uploads\/2023\/04\/bbd2e60d-c874-461c-915d-816279accb12-340x270-1.jpg\" class=\"attachment-large size-large wp-image-29\" alt=\"\" srcset=\"https:\/\/taxi-zvonar.hr\/wp-content\/uploads\/2023\/04\/bbd2e60d-c874-461c-915d-816279accb12-340x270-1.jpg 340w, https:\/\/taxi-zvonar.hr\/wp-content\/uploads\/2023\/04\/bbd2e60d-c874-461c-915d-816279accb12-340x270-1-300x238.jpg 300w\" sizes=\"(max-width: 340px) 100vw, 340px\" \/>\t\t\t\t\t\t\t\t\t\t\t\t\t<\/div>\n\t\t\t\t<\/div>\n\t\t\t\t\t<\/div>\n\t\t<\/div>\n\t\t\t\t\t<\/div>\n\t\t<\/section>\n\t\t\t\t<section class=\"elementor-section elementor-top-section elementor-element elementor-element-328c1c2 elementor-section-boxed elementor-section-height-default elementor-section-height-default\" data-id=\"328c1c2\" data-element_type=\"section\" data-settings=\"{&quot;background_background&quot;:&quot;classic&quot;}\">\n\t\t\t\t\t\t<div class=\"elementor-container elementor-column-gap-default\">\n\t\t\t\t\t<div class=\"elementor-column elementor-col-50 elementor-top-column elementor-element elementor-element-ba518b0\" data-id=\"ba518b0\" data-element_type=\"column\">\n\t\t\t<div class=\"elementor-widget-wrap elementor-element-populated\">\n\t\t\t\t\t\t<div class=\"elementor-element elementor-element-9c32f5d elementor-widget elementor-widget-image\" data-id=\"9c32f5d\" data-element_type=\"widget\" data-widget_type=\"image.default\">\n\t\t\t\t<div class=\"elementor-widget-container\">\n\t\t\t\t\t\t\t\t\t\t\t\t\t<img loading=\"lazy\" decoding=\"async\" width=\"860\" height=\"450\" src=\"https:\/\/taxi-zvonar.hr\/wp-content\/uploads\/2023\/04\/712abd7e-05ca-41e0-a4c0-ac66c4a4740f-860x450-1.jpg\" class=\"attachment-large size-large wp-image-42\" alt=\"\" srcset=\"https:\/\/taxi-zvonar.hr\/wp-content\/uploads\/2023\/04\/712abd7e-05ca-41e0-a4c0-ac66c4a4740f-860x450-1.jpg 860w, https:\/\/taxi-zvonar.hr\/wp-content\/uploads\/2023\/04\/712abd7e-05ca-41e0-a4c0-ac66c4a4740f-860x450-1-300x157.jpg 300w, https:\/\/taxi-zvonar.hr\/wp-content\/uploads\/2023\/04\/712abd7e-05ca-41e0-a4c0-ac66c4a4740f-860x450-1-768x402.jpg 768w\" sizes=\"(max-width: 860px) 100vw, 860px\" \/>\t\t\t\t\t\t\t\t\t\t\t\t\t<\/div>\n\t\t\t\t<\/div>\n\t\t\t\t\t<\/div>\n\t\t<\/div>\n\t\t\t\t<div class=\"elementor-column elementor-col-50 elementor-top-column elementor-element elementor-element-083ee4f\" data-id=\"083ee4f\" data-element_type=\"column\">\n\t\t\t<div class=\"elementor-widget-wrap elementor-element-populated\">\n\t\t\t\t\t\t<div class=\"elementor-element elementor-element-0dc8f70 elementor-widget elementor-widget-text-editor\" data-id=\"0dc8f70\" data-element_type=\"widget\" data-widget_type=\"text-editor.default\">\n\t\t\t\t<div class=\"elementor-widget-container\">\n\t\t\t\t\t\t\t<p style=\"text-align: center;\"><span style=\"color: #000000;\">GRADSKI I ME\u0110UGRADSKI<br \/><\/span><span style=\"color: #ff6600;\">PRIJAVOZ PUTNIKA<\/span><\/p>\t\t\t\t\t\t<\/div>\n\t\t\t\t<\/div>\n\t\t\t\t<div class=\"elementor-element elementor-element-7d44cd9 elementor-widget elementor-widget-text-editor\" data-id=\"7d44cd9\" data-element_type=\"widget\" data-widget_type=\"text-editor.default\">\n\t\t\t\t<div class=\"elementor-widget-container\">\n\t\t\t\t\t\t\t<p>\u00a0 \u00a0 \u00a0Na\u0161 vozni park vrlo \u010desto se obnavlja i pove\u0107ava.\u00a0 \u00a0 \u00a0 Trudimo se da sva na\u0161a vozila budu \u0161to novija tako da iskustvo vo\u017enje sa nama bude \u0161to ugodnija. \u010cak i kada se vozite u cijenom prihvatljivoj klasi, va\u0161a udobnost i sigurnost nije upitna.<\/p>\t\t\t\t\t\t<\/div>\n\t\t\t\t<\/div>\n\t\t\t\t\t<\/div>\n\t\t<\/div>\n\t\t\t\t\t<\/div>\n\t\t<\/section>\n\t\t\t\t<\/div>\n\t\t","protected":false},"excerpt":{"rendered":"<p>TREBATE TAXI PRIJEVOZ? \u00a0 \u00a0 \u00a0\u201cTAXI ZVONAR\u201d obrt za autotaksi prijevoz je najsigurniji, najto\u010dniji i najbr\u017ei odabir na svakome Va\u0161em putu\u2026\u00a0\u00a0 \u00a0 \u00a0Pozivamo Vas da se uvjerite sami sa punim povjerenjem u na\u0161 tim!\u00a0TAXI to\u010dno i sigurno na svim lokacijama po pristupa\u010dnim cijenama. GRADSKI I ME\u0110UGRADSKIPRIJAVOZ PUTNIKA \u00a0 \u00a0 \u00a0Na\u0161 vozni park vrlo \u010desto se &#8230; <a title=\"Naslovnica\" class=\"read-more\" href=\"https:\/\/taxi-zvonar.hr\/\" aria-label=\"Read more about Naslovnica\">Op\u0161irnije<\/a><\/p>\n","protected":false},"author":1,"featured_media":0,"parent":0,"menu_order":0,"comment_status":"closed","ping_status":"closed","template":"elementor_header_footer","meta":{"footnotes":""},"class_list":["post-20","page","type-page","status-publish"],"_links":{"self":[{"href":"https:\/\/taxi-zvonar.hr\/index.php?rest_route=\/wp\/v2\/pages\/20","targetHints":{"allow":["GET"]}}],"collection":[{"href":"https:\/\/taxi-zvonar.hr\/index.php?rest_route=\/wp\/v2\/pages"}],"about":[{"href":"https:\/\/taxi-zvonar.hr\/index.php?rest_route=\/wp\/v2\/types\/page"}],"author":[{"embeddable":true,"href":"https:\/\/taxi-zvonar.hr\/index.php?rest_route=\/wp\/v2\/users\/1"}],"replies":[{"embeddable":true,"href":"https:\/\/taxi-zvonar.hr\/index.php?rest_route=%2Fwp%2Fv2%2Fcomments&post=20"}],"version-history":[{"count":22,"href":"https:\/\/taxi-zvonar.hr\/index.php?rest_route=\/wp\/v2\/pages\/20\/revisions"}],"predecessor-version":[{"id":66,"href":"https:\/\/taxi-zvonar.hr\/index.php?rest_route=\/wp\/v2\/pages\/20\/revisions\/66"}],"wp:attachment":[{"href":"https:\/\/taxi-zvonar.hr\/index.php?rest_route=%2Fwp%2Fv2%2Fmedia&parent=20"}],"curies":[{"name":"wp","href":"https:\/\/api.w.org\/{rel}","templated":true}]}}